{"id":8874,"date":"2026-02-22T20:52:28","date_gmt":"2026-02-22T19:52:28","guid":{"rendered":"https:\/\/www.lsmjukglass.se\/Ei-luokiteltu\/granaattiomena-10-kg\/"},"modified":"2026-04-05T11:22:21","modified_gmt":"2026-04-05T09:22:21","slug":"granaattiomena-10-kg","status":"publish","type":"product","link":"https:\/\/lsmjukglass.se\/fi\/pehmytjaatelomakumme-business\/granaattiomena-10-kg\/","title":{"rendered":"Granaattiomena 10 kg"},"content":{"rendered":"<div class=\"wpb-content-wrapper\"><p>[vc_row][vc_column width=&#8221;2\/3&#8243;][vc_column_text css=&#8221;&#8221;]<\/p>\n<h4><strong><b>Pakkaustiedot<\/b><\/strong><\/h4>\n<p><strong><b>Laatikon paino<\/b><\/strong><strong><b>:&nbsp;<\/b><\/strong>10 kg<br \/><strong><b>Laatikon mitat<\/b><\/strong><strong><b>:&nbsp;<\/b><\/strong>38 x 25 x 25 cm<strong><b><br \/><\/b><\/strong><strong><b>P<\/b><\/strong><strong><b>ussin paino<\/b><\/strong><strong><b>:<\/b><\/strong>&nbsp;2,0 kg<br \/><strong><b>S<\/b><\/strong><strong><b>\u00e4ilytysohje<\/b><\/strong><strong><b>:<\/b><\/strong>&nbsp;+ 6 &#8211;&nbsp;+ 25\u00b0C, kuivassa ja pime\u00e4ss\u00e4<br \/><strong><b>Valmistettu<\/b><\/strong><strong><b>&nbsp;<\/b><\/strong>T\u0161ekiss\u00e4<strong><b><br \/><\/b><\/strong><strong><b>Parasta ennen<\/b><\/strong><strong><b>:&nbsp;<\/b><\/strong>24&nbsp;kuukauden kuluessa valmistusp\u00e4iv\u00e4st\u00e4<br \/><strong><b>Valmistaja<\/b><\/strong><strong><b>:<\/b><\/strong>&nbsp;FRUJO, a.s., 69153 TVRDONICE 710, T\u0161ekki<\/p>\n<p>Toimittaja&nbsp;\/ myyj\u00e4&nbsp;Suomessa: Bohemia Livsmedel AB,&nbsp;M\u00e5lareg\u00e5rdsv\u00e4gen 29,&nbsp;574 33 Vetlanda.<\/p>\n<p>[\/vc_column_text][\/vc_column][vc_column width=&#8221;1\/3&#8243;][vc_column_text css=&#8221;&#8221;]<\/p>\n<h4><strong><b>Ravintoarvo<\/b><\/strong><strong><b>&nbsp;per 100 g<\/b><\/strong><\/h4>\n<table class=\"mce-item-table\">\n<tbody>\n<tr>\n<td width=\"335\">Energiaa<\/td>\n<td width=\"335\">1703 kJ\/ 402 kcal<\/td>\n<\/tr>\n<tr>\n<td width=\"335\">Rasvaa<\/td>\n<td width=\"335\">2,7g<\/td>\n<\/tr>\n<tr>\n<td width=\"335\">josta tyydyttyneit\u00e4 rasvahappoja<\/td>\n<td width=\"335\">2,6g<\/td>\n<\/tr>\n<tr>\n<td width=\"335\">Hiilihydraatteja<\/td>\n<td width=\"335\">92g<\/td>\n<\/tr>\n<tr>\n<td width=\"335\">josta sokereita<\/td>\n<td width=\"335\">83g<\/td>\n<\/tr>\n<tr>\n<td width=\"335\">Proteiinia<\/td>\n<td width=\"335\">0,7g<\/td>\n<\/tr>\n<tr>\n<td width=\"335\">Suolaa<\/td>\n<td width=\"335\">0,07g<\/td>\n<\/tr>\n<\/tbody>\n<\/table>\n<p>[\/vc_column_text][\/vc_column][\/vc_row][vc_row css=&#8221;.vc_custom_1647938535909{margin-top: 50px !important;}&#8221;][vc_column][vc_column_text]<\/p>\n[vc_section full_width=\"stretch_row\" content_placement=\"middle\" css=\".vc_custom_1569613355552{background-color: #eaf3fd !important;}\" el_class=\"section--top section--bottom\"][vc_row][vc_column][vc_custom_heading text=\"Pehmytj\u00e4\u00e4tel\u00f6n valmistus nopeasti ja helposti\" font_container=\"tag:h2|text_align:center|color:%23000000\" use_theme_fonts=\"yes\" css=\"\"][vc_row_inner][vc_column_inner width=\"1\/5\"][vc_single_image image=\"1614\" alignment=\"center\"][vc_custom_heading text=\"Avaa pussi\" font_container=\"tag:h4|text_align:center|color:%23000000\" use_theme_fonts=\"yes\" css=\"\"][vc_column_text css=\"\"]\r\n<p style=\"text-align: center;\">Valitse haluamasi maku ja ota esiin sopiva astia. Tavallinen 10 litran \u00e4mp\u00e4ri toimii erinomaisesti.<\/p>\r\n[\/vc_column_text][\/vc_column_inner][vc_column_inner width=\"1\/5\"][vc_single_image image=\"1618\" alignment=\"center\"][vc_custom_heading text=\"Vesi ensin, sitten jauhe\" font_container=\"tag:h4|text_align:center|color:%23000000\" use_theme_fonts=\"yes\" css=\"\"][vc_column_text css=\"\"]\r\n<p data-path-to-node=\"6,1,0\">Kaada astiaan 4,5 litraa juomavett\u00e4 ja lis\u00e4\u00e4 sitten pussin sis\u00e4lt\u00f6 (2 kg). <b data-path-to-node=\"6,1,0\" data-index-in-node=\"89\">T\u00e4rke\u00e4\u00e4:<\/b> Lis\u00e4\u00e4 aina vesi ensin parhaan tuloksen saavuttamiseksi.<\/p>\r\n[\/vc_column_text][\/vc_column_inner][vc_column_inner width=\"1\/5\"][vc_single_image image=\"1617\" alignment=\"center\"][vc_custom_heading text=\"Sekoita kevyesti \u2013 liukenee v\u00e4litt\u00f6m\u00e4sti\" font_container=\"tag:h4|text_align:center|color:%23000000\" use_theme_fonts=\"yes\" css=\"\"][vc_column_text css=\"\"]\r\n<p data-path-to-node=\"9,1,0\">Sekoita lyhyesti tavallisella k\u00e4sivispil\u00e4ll\u00e4. Jauhe liukenee v\u00e4litt\u00f6m\u00e4sti ilman paakkuja. Anna vet\u00e4yty\u00e4 15\u201320 minuuttia ja sekoita viel\u00e4 kerran nopeasti.<\/p>\r\n[\/vc_column_text][\/vc_column_inner][vc_column_inner width=\"1\/5\"][vc_single_image image=\"1616\" alignment=\"center\"][vc_custom_heading text=\"Kaada j\u00e4\u00e4tel\u00f6koneeseen\" font_container=\"tag:h4|text_align:center|color:%23000000\" use_theme_fonts=\"yes\" css=\"\"][vc_column_text css=\"\"]\r\n<p style=\"text-align: center;\">Kaada seos suoraan koneeseen. Valmistelut on tehty vain muutamassa hetkess\u00e4.<\/p>\r\n[\/vc_column_text][\/vc_column_inner][vc_column_inner width=\"1\/5\"][vc_single_image image=\"1615\" alignment=\"center\"][vc_custom_heading text=\"Tarjoile ja nauti\" font_container=\"tag:h4|text_align:center|color:%23000000\" use_theme_fonts=\"yes\" css=\"\"][vc_column_text css=\"\"]\r\n<p style=\"text-align: center;\">Nyt voit vain tarjoilla kermaista pehmytj\u00e4\u00e4tel\u00f6\u00e4 ja jakaa iloa. T\u00e4m\u00e4n helpompaa se ei voisi olla!<\/p>\r\n[\/vc_column_text][\/vc_column_inner][\/vc_row_inner][\/vc_column][\/vc_row][\/vc_section][vc_section full_width=\"stretch_row\" content_placement=\"middle\" basel_bg_position=\"center-center\" css=\".vc_custom_1640004173818{background-image: url(https:\/\/lsmjukglass.se\/wp-content\/uploads\/2019\/10\/pozadi-ovoce2.jpg?id=1962) !important;background-position: 0 0 !important;background-repeat: no-repeat !important;}\" el_class=\"section--top section--bottom\"][vc_row][vc_column width=\"1\/2\"][vc_column_text css=\"\" el_class=\"mobile-text-center\"]\r\n<p data-path-to-node=\"1\"><b data-path-to-node=\"1\" data-index-in-node=\"0\">TOJE Premium \u2013 Ammattimainen pehme\u00e4j\u00e4\u00e4seos (10 kg)<\/b><\/p>\r\n<p data-path-to-node=\"2\">Maksimoi kannattavuutesi t\u0161ekkil\u00e4isell\u00e4 asiantuntemuksella. 10 kg Professional-sarjamme on optimoitu yrityksille, joilla on korkeat vaatimukset laadun, vakauden ja kannattavuuden suhteen. Seos on kehitetty tuottamaan t\u00e4ydellisen kermainen koostumus jokaisella tarjoilukerralla, konetyypist\u00e4 riippumatta.<\/p>\r\n<p data-path-to-node=\"3\"><b data-path-to-node=\"3\" data-index-in-node=\"0\">Koneiden yhteensopivuus &amp; Sertifioitu laatu:<\/b> Pehme\u00e4j\u00e4\u00e4seoksemme on t\u00e4ysin yhteensopiva markkinoiden johtavien konemerkkien kanssa, mukaan lukien:<\/p>\r\n\r\n<ul data-path-to-node=\"4\">\r\n \t<li>\r\n<p data-path-to-node=\"4,0,0\">Electrolux Professional (RUOTSI)<\/p>\r\n<\/li>\r\n \t<li>\r\n<p data-path-to-node=\"4,1,0\">Carpigiani (ITALIA)<\/p>\r\n<\/li>\r\n \t<li>\r\n<p data-path-to-node=\"4,2,0\">Taylor (USA)<\/p>\r\n<\/li>\r\n \t<li>\r\n<p data-path-to-node=\"4,3,0\">Spaceman (KIINA)<\/p>\r\n<\/li>\r\n \t<li>\r\n<p data-path-to-node=\"4,4,0\">Stoelting (USA)<\/p>\r\n<\/li>\r\n<\/ul>\r\n<p data-path-to-node=\"5\"><b data-path-to-node=\"5\" data-index-in-node=\"0\">Helppo valmistus &amp; Korkea tuotto:<\/b> Kaikki makumme valmistetaan samalla sujuvalla tavalla. Jauhe liukenee v\u00e4litt\u00f6m\u00e4sti veteen, mik\u00e4 takaa hygieenisen prosessin ja valmiin seoksen, jolla on t\u00e4ydellinen viskositeetti. <i data-path-to-node=\"5\" data-index-in-node=\"214\">(Katso alla oleva laskurimme tarkan voittomarginaalin ja pakkauskohtaisen tuoton laskemiseksi.)<\/i><\/p>\r\n[\/vc_column_text][\/vc_column][vc_column width=\"1\/2\"][vc_column_text css=\"\" el_class=\"mobile-text-center\"]\r\n<p data-path-to-node=\"1\"><b data-path-to-node=\"1\" data-index-in-node=\"0\">Tekniset edut:<\/b><\/p>\r\n\r\n<ul data-path-to-node=\"2\">\r\n \t<li>\r\n<p data-path-to-node=\"2,0,0\"><b data-path-to-node=\"2,0,0\" data-index-in-node=\"0\">Itsepast\u00f6rointi:<\/b> Seos on termisesti vakaa ja sopii erityisesti koneisiin, joissa on itsepast\u00f6rointisykli \u2013 s\u00e4ilytt\u00e4\u00e4 maun ja rakenteen koko prosessin ajan.<\/p>\r\n<\/li>\r\n \t<li>\r\n<p data-path-to-node=\"2,1,0\"><b data-path-to-node=\"2,1,0\" data-index-in-node=\"0\">Monipuolisuus:<\/b> Toimii erinomaisesti sek\u00e4 painovoima- ett\u00e4 pumppuj\u00e4rjestelmiss\u00e4.<\/p>\r\n<\/li>\r\n \t<li>\r\n<p data-path-to-node=\"2,2,0\"><b data-path-to-node=\"2,2,0\" data-index-in-node=\"0\">Tehokas logistiikka:<\/b> Jauhemuoto merkitsee pienempi\u00e4 s\u00e4ilytysvaatimuksia (+6\u00b0C \u2013 +25\u00b0C), minimaalista tilantarvetta ja alhaisempia rahtikustannuksia.<\/p>\r\n<\/li>\r\n \t<li>\r\n<p data-path-to-node=\"2,3,0\"><b data-path-to-node=\"2,3,0\" data-index-in-node=\"0\">Kest\u00e4v\u00e4 kehitys:<\/b> CEEF-sertifioitu tuotanto minimaalisella ymp\u00e4rist\u00f6vaikutuksella (v\u00e4hentynyt muovin k\u00e4ytt\u00f6 verrattuna nestem\u00e4iseen seokseen).<\/p>\r\n<\/li>\r\n<\/ul>\r\n[\/vc_column_text][vc_row_inner content_placement=\"bottom\" css=\".vc_custom_1570198243525{margin-top: 50px !important;}\"][vc_column_inner width=\"1\/3\"][vc_single_image image=\"8452\" img_size=\"medium\" css=\"\"][\/vc_column_inner][vc_column_inner width=\"1\/3\"][vc_single_image image=\"8453\" css=\"\"][\/vc_column_inner][vc_column_inner width=\"1\/3\"][vc_single_image image=\"8758\" img_size=\"medium\" alignment=\"center\"][\/vc_column_inner][\/vc_row_inner][\/vc_column][\/vc_row][\/vc_section][vc_section full_width=\"stretch_row\" content_placement=\"middle\" css=\".vc_custom_1647935248229{padding-top: 50px !important;padding-bottom: 60px !important;background-color: #eaf3fd !important;}\"][vc_row][vc_column][vc_column_text css=\"\" el_class=\"section--slim\"]\r\n<p style=\"text-align: center;\"><b data-path-to-node=\"1\" data-index-in-node=\"0\">KANNATTAVUUS- JA TUOTTOLASKURI<\/b><\/p>\r\n<p style=\"text-align: center;\">\"Optimoi liiketoimintasuunnitelmasi voittolaskurillamme. Sy\u00f6tt\u00e4m\u00e4ll\u00e4 ostom\u00e4\u00e4r\u00e4si saat v\u00e4litt\u00f6m\u00e4n analyysin kokonaism\u00e4\u00e4r\u00e4st\u00e4, annoskohtaisesta kustannuksesta ja odotetusta voittomarginaalistasi. T\u00e4m\u00e4 antaa sinulle t\u00e4yden hallinnan kustannuksistasi ja selke\u00e4n kuvan kannattavuudestasi jokaista myyty\u00e4 j\u00e4\u00e4tel\u00f6\u00e4 kohden.\"<\/p>\r\n[\/vc_column_text][vc_raw_html css=\"\"]JTVCY2FsY19zZWN0aW9uX0ZJJTVE[\/vc_raw_html][\/vc_column][\/vc_row][\/vc_section]<style data-type=\"vc_shortcodes-custom-css\">.vc_custom_1569613355552{background-color: #eaf3fd !important;}.vc_custom_1640004173818{background-image: url(https:\/\/lsmjukglass.se\/wp-content\/uploads\/2019\/10\/pozadi-ovoce2.jpg?id=1962) !important;background-position: 0 0 !important;background-repeat: no-repeat !important;}.vc_custom_1647935248229{padding-top: 50px !important;padding-bottom: 60px !important;background-color: #eaf3fd !important;}.vc_custom_1570198243525{margin-top: 50px !important;}<\/style>\n<p>[\/vc_column_text][\/vc_column][\/vc_row]<\/p>\n<\/div>","protected":false},"excerpt":{"rendered":"<p data-path-to-node=\"3\"><b data-path-to-node=\"3\" data-index-in-node=\"0\">Hinta koskee 10 kg jauhetta (1 laatikko) \u2013 tuottaa noin 35 litraa valmista pehme\u00e4j\u00e4\u00e4seosta.<\/b><\/p>\n<p data-path-to-node=\"4\">Ammattik\u00e4ytt\u00f6\u00f6n suunniteltu korkealaatuinen pehme\u00e4j\u00e4\u00e4seos. Optimoitu ravintoloiden, kahviloiden ja kioskien vaativiin tarpeisiin.<\/p>\n<ul data-path-to-node=\"5\">\n<li>\n<p data-path-to-node=\"5,0,0\"><b data-path-to-node=\"5,0,0\" data-index-in-node=\"0\">Riittoisuus:<\/b> 1 laatikko tuottaa jopa 350 annosta.<\/p>\n<\/li>\n<li>\n<p data-path-to-node=\"5,1,0\"><b data-path-to-node=\"5,1,0\" data-index-in-node=\"0\">Laatu ja sis\u00e4lt\u00f6:<\/b> Sis\u00e4lt\u00e4\u00e4 aitoa hedelm\u00e4\u00e4, mik\u00e4 takaa luonnollisen, raikkaan maun ja t\u00e4ydellisen rakenteen.<\/p>\n<\/li>\n<li>\n<p data-path-to-node=\"5,2,0\"><b data-path-to-node=\"5,2,0\" data-index-in-node=\"0\">Valmistus:<\/b> Nopea ja vaivaton sekoitus, joka t\u00e4ytt\u00e4\u00e4 nykyaikaisen ammattik\u00e4yt\u00f6n tiukimmat hygieniavaatimukset.<\/p>\n<\/li>\n<\/ul>\n","protected":false},"featured_media":8875,"template":"","meta":{"_acf_changed":false},"product_brand":[],"product_cat":[257],"product_tag":[],"class_list":{"0":"post-8874","1":"product","2":"type-product","3":"status-publish","4":"has-post-thumbnail","6":"product_cat-pehmytjaatelomakumme-business","8":"first","9":"instock","10":"taxable","11":"shipping-taxable","12":"purchasable","13":"product-type-simple"},"acf":[],"yoast_head":"<!-- This site is optimized with the Yoast SEO plugin v26.8 - https:\/\/yoast.com\/product\/yoast-seo-wordpress\/ -->\n<title>Granaattiomena Pehme\u00e4j\u00e4\u00e4seos \u2013 Ylellinen maku &amp; Korkea tuotto | L&amp;S MjukGlass\u00ae<\/title>\n<meta name=\"description\" content=\"Ammattik\u00e4ytt\u00f6\u00f6n suunniteltu granaattiomenan makuinen pehme\u00e4j\u00e4\u00e4seos, jossa on ylellinen ja raikkaan hapokas maku. 10 kg jauhetta tuottaa noin 35 litraa valmista seosta ja noin 350 annosta. Saatavilla Ruotsissa ja Suomessa.\" \/>\n<meta name=\"robots\" content=\"index, follow, max-snippet:-1, max-image-preview:large, max-video-preview:-1\" \/>\n<link rel=\"canonical\" href=\"https:\/\/lsmjukglass.se\/fi\/pehmytjaatelomakumme-business\/granaattiomena-10-kg\/\" \/>\n<meta property=\"og:locale\" content=\"fi_FI\" \/>\n<meta property=\"og:type\" content=\"article\" \/>\n<meta property=\"og:title\" content=\"Granaattiomena Pehme\u00e4j\u00e4\u00e4seos \u2013 Ylellinen maku &amp; Korkea tuotto | L&amp;S MjukGlass\u00ae\" \/>\n<meta property=\"og:description\" content=\"Ammattik\u00e4ytt\u00f6\u00f6n suunniteltu granaattiomenan makuinen pehme\u00e4j\u00e4\u00e4seos, jossa on ylellinen ja raikkaan hapokas maku. 10 kg jauhetta tuottaa noin 35 litraa valmista seosta ja noin 350 annosta. Saatavilla Ruotsissa ja Suomessa.\" \/>\n<meta property=\"og:url\" content=\"https:\/\/lsmjukglass.se\/fi\/pehmytjaatelomakumme-business\/granaattiomena-10-kg\/\" \/>\n<meta property=\"og:site_name\" content=\"L&amp;S MjukGlass\" \/>\n<meta property=\"article:publisher\" content=\"https:\/\/lsmjukglass.se\/vara-mjukglassmaker\/\" \/>\n<meta property=\"article:modified_time\" content=\"2026-04-05T09:22:21+00:00\" \/>\n<meta property=\"og:image\" content=\"https:\/\/lsmjukglass.se\/wp-content\/uploads\/2025\/03\/produkty-granatove-jablko.png\" \/>\n\t<meta property=\"og:image:width\" content=\"1080\" \/>\n\t<meta property=\"og:image:height\" content=\"1370\" \/>\n\t<meta property=\"og:image:type\" content=\"image\/png\" \/>\n<meta name=\"twitter:card\" content=\"summary_large_image\" \/>\n<meta name=\"twitter:label1\" content=\"Arvioitu lukuaika\" \/>\n\t<meta name=\"twitter:data1\" content=\"1 minuutti\" \/>\n<script type=\"application\/ld+json\" class=\"yoast-schema-graph\">{\"@context\":\"https:\/\/schema.org\",\"@graph\":[{\"@type\":\"WebPage\",\"@id\":\"https:\/\/lsmjukglass.se\/fi\/pehmytjaatelomakumme-business\/granaattiomena-10-kg\/\",\"url\":\"https:\/\/lsmjukglass.se\/fi\/pehmytjaatelomakumme-business\/granaattiomena-10-kg\/\",\"name\":\"Granaattiomena Pehme\u00e4j\u00e4\u00e4seos \u2013 Ylellinen maku & Korkea tuotto | L&S MjukGlass\u00ae\",\"isPartOf\":{\"@id\":\"https:\/\/lsmjukglass.se\/fi\/#website\"},\"primaryImageOfPage\":{\"@id\":\"https:\/\/lsmjukglass.se\/fi\/pehmytjaatelomakumme-business\/granaattiomena-10-kg\/#primaryimage\"},\"image\":{\"@id\":\"https:\/\/lsmjukglass.se\/fi\/pehmytjaatelomakumme-business\/granaattiomena-10-kg\/#primaryimage\"},\"thumbnailUrl\":\"https:\/\/lsmjukglass.se\/wp-content\/uploads\/2025\/03\/produkty-granatove-jablko.png\",\"datePublished\":\"2026-02-22T19:52:28+00:00\",\"dateModified\":\"2026-04-05T09:22:21+00:00\",\"description\":\"Ammattik\u00e4ytt\u00f6\u00f6n suunniteltu granaattiomenan makuinen pehme\u00e4j\u00e4\u00e4seos, jossa on ylellinen ja raikkaan hapokas maku. 10 kg jauhetta tuottaa noin 35 litraa valmista seosta ja noin 350 annosta. Saatavilla Ruotsissa ja Suomessa.\",\"breadcrumb\":{\"@id\":\"https:\/\/lsmjukglass.se\/fi\/pehmytjaatelomakumme-business\/granaattiomena-10-kg\/#breadcrumb\"},\"inLanguage\":\"fi\",\"potentialAction\":[{\"@type\":\"ReadAction\",\"target\":[\"https:\/\/lsmjukglass.se\/fi\/pehmytjaatelomakumme-business\/granaattiomena-10-kg\/\"]}]},{\"@type\":\"ImageObject\",\"inLanguage\":\"fi\",\"@id\":\"https:\/\/lsmjukglass.se\/fi\/pehmytjaatelomakumme-business\/granaattiomena-10-kg\/#primaryimage\",\"url\":\"https:\/\/lsmjukglass.se\/wp-content\/uploads\/2025\/03\/produkty-granatove-jablko.png\",\"contentUrl\":\"https:\/\/lsmjukglass.se\/wp-content\/uploads\/2025\/03\/produkty-granatove-jablko.png\",\"width\":1080,\"height\":1370,\"caption\":\"Granaattiomena Pehme\u00e4j\u00e4\u00e4seos \u2013 Ylellinen maku & Korkea tuotto\"},{\"@type\":\"BreadcrumbList\",\"@id\":\"https:\/\/lsmjukglass.se\/fi\/pehmytjaatelomakumme-business\/granaattiomena-10-kg\/#breadcrumb\",\"itemListElement\":[{\"@type\":\"ListItem\",\"position\":1,\"name\":\"Dom\u016f\",\"item\":\"https:\/\/lsmjukglass.se\/fi\/\"},{\"@type\":\"ListItem\",\"position\":2,\"name\":\"Obchod\",\"item\":\"https:\/\/lsmjukglass.se\/fi\/obchod\/\"},{\"@type\":\"ListItem\",\"position\":3,\"name\":\"Granaattiomena 10 kg\"}]},{\"@type\":\"WebSite\",\"@id\":\"https:\/\/lsmjukglass.se\/fi\/#website\",\"url\":\"https:\/\/lsmjukglass.se\/fi\/\",\"name\":\"L&amp;S MjukGlass\",\"description\":\"Varje dag annan smak\",\"publisher\":{\"@id\":\"https:\/\/lsmjukglass.se\/fi\/#organization\"},\"potentialAction\":[{\"@type\":\"SearchAction\",\"target\":{\"@type\":\"EntryPoint\",\"urlTemplate\":\"https:\/\/lsmjukglass.se\/fi\/?s={search_term_string}\"},\"query-input\":{\"@type\":\"PropertyValueSpecification\",\"valueRequired\":true,\"valueName\":\"search_term_string\"}}],\"inLanguage\":\"fi\"},{\"@type\":\"Organization\",\"@id\":\"https:\/\/lsmjukglass.se\/fi\/#organization\",\"name\":\"L&S MjukGlass\",\"url\":\"https:\/\/lsmjukglass.se\/fi\/\",\"logo\":{\"@type\":\"ImageObject\",\"inLanguage\":\"fi\",\"@id\":\"https:\/\/lsmjukglass.se\/fi\/#\/schema\/logo\/image\/\",\"url\":\"https:\/\/lsmjukglass.se\/wp-content\/uploads\/2019\/09\/logo-rastr-seo.png\",\"contentUrl\":\"https:\/\/lsmjukglass.se\/wp-content\/uploads\/2019\/09\/logo-rastr-seo.png\",\"width\":500,\"height\":445,\"caption\":\"L&S MjukGlass\"},\"image\":{\"@id\":\"https:\/\/lsmjukglass.se\/fi\/#\/schema\/logo\/image\/\"},\"sameAs\":[\"https:\/\/lsmjukglass.se\/vara-mjukglassmaker\/\"]}]}<\/script>\n<!-- \/ Yoast SEO plugin. -->","yoast_head_json":{"title":"Granaattiomena Pehme\u00e4j\u00e4\u00e4seos \u2013 Ylellinen maku & Korkea tuotto | L&S MjukGlass\u00ae","description":"Ammattik\u00e4ytt\u00f6\u00f6n suunniteltu granaattiomenan makuinen pehme\u00e4j\u00e4\u00e4seos, jossa on ylellinen ja raikkaan hapokas maku. 10 kg jauhetta tuottaa noin 35 litraa valmista seosta ja noin 350 annosta. Saatavilla Ruotsissa ja Suomessa.","robots":{"index":"index","follow":"follow","max-snippet":"max-snippet:-1","max-image-preview":"max-image-preview:large","max-video-preview":"max-video-preview:-1"},"canonical":"https:\/\/lsmjukglass.se\/fi\/pehmytjaatelomakumme-business\/granaattiomena-10-kg\/","og_locale":"fi_FI","og_type":"article","og_title":"Granaattiomena Pehme\u00e4j\u00e4\u00e4seos \u2013 Ylellinen maku & Korkea tuotto | L&S MjukGlass\u00ae","og_description":"Ammattik\u00e4ytt\u00f6\u00f6n suunniteltu granaattiomenan makuinen pehme\u00e4j\u00e4\u00e4seos, jossa on ylellinen ja raikkaan hapokas maku. 10 kg jauhetta tuottaa noin 35 litraa valmista seosta ja noin 350 annosta. Saatavilla Ruotsissa ja Suomessa.","og_url":"https:\/\/lsmjukglass.se\/fi\/pehmytjaatelomakumme-business\/granaattiomena-10-kg\/","og_site_name":"L&amp;S MjukGlass","article_publisher":"https:\/\/lsmjukglass.se\/vara-mjukglassmaker\/","article_modified_time":"2026-04-05T09:22:21+00:00","og_image":[{"width":1080,"height":1370,"url":"https:\/\/lsmjukglass.se\/wp-content\/uploads\/2025\/03\/produkty-granatove-jablko.png","type":"image\/png"}],"twitter_card":"summary_large_image","twitter_misc":{"Arvioitu lukuaika":"1 minuutti"},"schema":{"@context":"https:\/\/schema.org","@graph":[{"@type":"WebPage","@id":"https:\/\/lsmjukglass.se\/fi\/pehmytjaatelomakumme-business\/granaattiomena-10-kg\/","url":"https:\/\/lsmjukglass.se\/fi\/pehmytjaatelomakumme-business\/granaattiomena-10-kg\/","name":"Granaattiomena Pehme\u00e4j\u00e4\u00e4seos \u2013 Ylellinen maku & Korkea tuotto | L&S MjukGlass\u00ae","isPartOf":{"@id":"https:\/\/lsmjukglass.se\/fi\/#website"},"primaryImageOfPage":{"@id":"https:\/\/lsmjukglass.se\/fi\/pehmytjaatelomakumme-business\/granaattiomena-10-kg\/#primaryimage"},"image":{"@id":"https:\/\/lsmjukglass.se\/fi\/pehmytjaatelomakumme-business\/granaattiomena-10-kg\/#primaryimage"},"thumbnailUrl":"https:\/\/lsmjukglass.se\/wp-content\/uploads\/2025\/03\/produkty-granatove-jablko.png","datePublished":"2026-02-22T19:52:28+00:00","dateModified":"2026-04-05T09:22:21+00:00","description":"Ammattik\u00e4ytt\u00f6\u00f6n suunniteltu granaattiomenan makuinen pehme\u00e4j\u00e4\u00e4seos, jossa on ylellinen ja raikkaan hapokas maku. 10 kg jauhetta tuottaa noin 35 litraa valmista seosta ja noin 350 annosta. Saatavilla Ruotsissa ja Suomessa.","breadcrumb":{"@id":"https:\/\/lsmjukglass.se\/fi\/pehmytjaatelomakumme-business\/granaattiomena-10-kg\/#breadcrumb"},"inLanguage":"fi","potentialAction":[{"@type":"ReadAction","target":["https:\/\/lsmjukglass.se\/fi\/pehmytjaatelomakumme-business\/granaattiomena-10-kg\/"]}]},{"@type":"ImageObject","inLanguage":"fi","@id":"https:\/\/lsmjukglass.se\/fi\/pehmytjaatelomakumme-business\/granaattiomena-10-kg\/#primaryimage","url":"https:\/\/lsmjukglass.se\/wp-content\/uploads\/2025\/03\/produkty-granatove-jablko.png","contentUrl":"https:\/\/lsmjukglass.se\/wp-content\/uploads\/2025\/03\/produkty-granatove-jablko.png","width":1080,"height":1370,"caption":"Granaattiomena Pehme\u00e4j\u00e4\u00e4seos \u2013 Ylellinen maku & Korkea tuotto"},{"@type":"BreadcrumbList","@id":"https:\/\/lsmjukglass.se\/fi\/pehmytjaatelomakumme-business\/granaattiomena-10-kg\/#breadcrumb","itemListElement":[{"@type":"ListItem","position":1,"name":"Dom\u016f","item":"https:\/\/lsmjukglass.se\/fi\/"},{"@type":"ListItem","position":2,"name":"Obchod","item":"https:\/\/lsmjukglass.se\/fi\/obchod\/"},{"@type":"ListItem","position":3,"name":"Granaattiomena 10 kg"}]},{"@type":"WebSite","@id":"https:\/\/lsmjukglass.se\/fi\/#website","url":"https:\/\/lsmjukglass.se\/fi\/","name":"L&amp;S MjukGlass","description":"Varje dag annan smak","publisher":{"@id":"https:\/\/lsmjukglass.se\/fi\/#organization"},"potentialAction":[{"@type":"SearchAction","target":{"@type":"EntryPoint","urlTemplate":"https:\/\/lsmjukglass.se\/fi\/?s={search_term_string}"},"query-input":{"@type":"PropertyValueSpecification","valueRequired":true,"valueName":"search_term_string"}}],"inLanguage":"fi"},{"@type":"Organization","@id":"https:\/\/lsmjukglass.se\/fi\/#organization","name":"L&S MjukGlass","url":"https:\/\/lsmjukglass.se\/fi\/","logo":{"@type":"ImageObject","inLanguage":"fi","@id":"https:\/\/lsmjukglass.se\/fi\/#\/schema\/logo\/image\/","url":"https:\/\/lsmjukglass.se\/wp-content\/uploads\/2019\/09\/logo-rastr-seo.png","contentUrl":"https:\/\/lsmjukglass.se\/wp-content\/uploads\/2019\/09\/logo-rastr-seo.png","width":500,"height":445,"caption":"L&S MjukGlass"},"image":{"@id":"https:\/\/lsmjukglass.se\/fi\/#\/schema\/logo\/image\/"},"sameAs":["https:\/\/lsmjukglass.se\/vara-mjukglassmaker\/"]}]}},"_links":{"self":[{"href":"https:\/\/lsmjukglass.se\/fi\/wp-json\/wp\/v2\/product\/8874","targetHints":{"allow":["GET"]}}],"collection":[{"href":"https:\/\/lsmjukglass.se\/fi\/wp-json\/wp\/v2\/product"}],"about":[{"href":"https:\/\/lsmjukglass.se\/fi\/wp-json\/wp\/v2\/types\/product"}],"wp:featuredmedia":[{"embeddable":true,"href":"https:\/\/lsmjukglass.se\/fi\/wp-json\/wp\/v2\/media\/8875"}],"wp:attachment":[{"href":"https:\/\/lsmjukglass.se\/fi\/wp-json\/wp\/v2\/media?parent=8874"}],"wp:term":[{"taxonomy":"product_brand","embeddable":true,"href":"https:\/\/lsmjukglass.se\/fi\/wp-json\/wp\/v2\/product_brand?post=8874"},{"taxonomy":"product_cat","embeddable":true,"href":"https:\/\/lsmjukglass.se\/fi\/wp-json\/wp\/v2\/product_cat?post=8874"},{"taxonomy":"product_tag","embeddable":true,"href":"https:\/\/lsmjukglass.se\/fi\/wp-json\/wp\/v2\/product_tag?post=8874"}],"curies":[{"name":"wp","href":"https:\/\/api.w.org\/{rel}","templated":true}]}}